{"id":207,"date":"2014-10-25T18:04:37","date_gmt":"2014-10-25T18:04:37","guid":{"rendered":"https:\/\/demo.mekshq.com\/voice\/?page_id=207"},"modified":"2025-01-27T11:45:16","modified_gmt":"2025-01-27T11:45:16","slug":"turkicaret-net-blog","status":"publish","type":"page","link":"https:\/\/www.turkticaret.net\/blog\/","title":{"rendered":""},"content":{"rendered":"<p>Turkticaret.Net Blog : Hosting, domain, SEO, sosyal medya, dijital pazarlama.. Dijitalde merak etti\u011finiz sorular\u0131n yan\u0131tlar\u0131 ve ipu\u00e7lar\u0131.<\/p>\n","protected":false},"excerpt":{"rendered":"<p>Turkticaret.Net Blog : Hosting, domain, SEO, sosyal medya, dijital pazarlama.. Dijitalde merak etti\u011finiz sorular\u0131n yan\u0131tlar\u0131 ve ipu\u00e7lar\u0131.<\/p>\n","protected":false},"author":1,"featured_media":0,"parent":0,"menu_order":0,"comment_status":"open","ping_status":"closed","template":"template-modules.php","meta":[],"_links":{"self":[{"href":"https:\/\/www.turkticaret.net\/blog\/wp-json\/wp\/v2\/pages\/207"}],"collection":[{"href":"https:\/\/www.turkticaret.net\/blog\/wp-json\/wp\/v2\/pages"}],"about":[{"href":"https:\/\/www.turkticaret.net\/blog\/wp-json\/wp\/v2\/types\/page"}],"author":[{"embeddable":true,"href":"https:\/\/www.turkticaret.net\/blog\/wp-json\/wp\/v2\/users\/1"}],"replies":[{"embeddable":true,"href":"https:\/\/www.turkticaret.net\/blog\/wp-json\/wp\/v2\/comments?post=207"}],"version-history":[{"count":9,"href":"https:\/\/www.turkticaret.net\/blog\/wp-json\/wp\/v2\/pages\/207\/revisions"}],"predecessor-version":[{"id":6355,"href":"https:\/\/www.turkticaret.net\/blog\/wp-json\/wp\/v2\/pages\/207\/revisions\/6355"}],"wp:attachment":[{"href":"https:\/\/www.turkticaret.net\/blog\/wp-json\/wp\/v2\/media?parent=207"}],"curies":[{"name":"wp","href":"https:\/\/api.w.org\/{rel}","templated":true}]}}